{"id":205,"date":"2023-07-31T15:49:55","date_gmt":"2023-07-31T15:49:55","guid":{"rendered":"https:\/\/themedox.com\/gerow\/?page_id=3"},"modified":"2025-05-27T10:23:07","modified_gmt":"2025-05-27T08:23:07","slug":"mentions-legales","status":"publish","type":"page","link":"https:\/\/dpo-solutions.com\/index.php\/mentions-legales\/","title":{"rendered":"Mentions l\u00e9gales"},"content":{"rendered":"\t\t<div data-elementor-type=\"wp-page\" data-elementor-id=\"205\" class=\"elementor elementor-205\">\n\t\t\t\t<div class=\"elementor-element elementor-element-4a285906 e-flex e-con-boxed e-con e-parent\" data-id=\"4a285906\" data-element_type=\"container\" data-e-type=\"container\">\n\t\t\t\t\t<div class=\"e-con-inner\">\n\t\t\t\t<div class=\"elementor-element elementor-element-14b2d30d elementor-widget elementor-widget-text-editor\" data-id=\"14b2d30d\" data-element_type=\"widget\" data-e-type=\"widget\" data-widget_type=\"text-editor.default\">\n\t\t\t\t<div class=\"elementor-widget-container\">\n\t\t\t\t\t\t\t\t\t<p><\/p>\n<h2 class=\"wp-block-heading\">Mentions l\u00e9gales<\/h2>\n<p>DPO SOLUTIONS est une marque d\u00e9pos\u00e9e de la soci\u00e9t\u00e9 A&amp; Vantage.<\/p>\n<p>Le site www.dpo-solutions.com est la propri\u00e9t\u00e9 de :\u00a0<\/p>\n<p>A&amp; VANTAGE, SASU au capital social de 1000 \u20ac<\/p>\n<p>Immatricul\u00e9e au Registre du Commerce et des Soci\u00e9t\u00e9s d&rsquo;Orleans sous le num\u00e9ro 931 147 938.<\/p>\n<h4>Si\u00e8ge social :<\/h4>\n<p>Immeuble Val de Loire, CS31635, 4 Passage de la R\u00e2pe, 45006 ORLEANS\u00a0<!-- notionvc: abb32bff-0df6-42df-b87e-7dc1f25b6ae1 --><\/p>\n<p>Contact : bonjour @ dpo-solutions.com<\/p>\n<p>\u00a0<\/p>\n<h4>H\u00e9bergement du site :<\/h4>\n<p>Ce site est h\u00e9berg\u00e9 par OVH SAS 2 rue Kellermann &#8211; 59100 Roubaix &#8211; France<\/p>\n<p>\u00a0<\/p>\n<p>Directrice de la publication : Axelle RENAUD<\/p>\n<p>\u00a0<\/p>\n<p>\u00a0<\/p>\n<p><\/p>\t\t\t\t\t\t\t\t<\/div>\n\t\t\t\t<\/div>\n\t\t\t\t\t<\/div>\n\t\t\t\t<\/div>\n\t\t\t\t<\/div>\n\t\t","protected":false},"excerpt":{"rendered":"<p>Mentions l\u00e9gales DPO SOLUTIONS est une marque d\u00e9pos\u00e9e de la soci\u00e9t\u00e9 A&amp; Vantage. Le site www.dpo-solutions.com est la propri\u00e9t\u00e9 de :\u00a0 A&amp; VANTAGE, SASU au capital social de 1000 \u20ac Immatricul\u00e9e au Registre du Commerce et des Soci\u00e9t\u00e9s d&rsquo;Orleans sous le num\u00e9ro 931 147 938. Si\u00e8ge social : Immeuble Val de Loire, CS31635, 4 Passage [&hellip;]<\/p>\n","protected":false},"author":1,"featured_media":0,"parent":0,"menu_order":0,"comment_status":"closed","ping_status":"open","template":"","meta":{"_acf_changed":false,"content-type":"","_monsterinsights_skip_tracking":false,"_monsterinsights_sitenote_active":false,"_monsterinsights_sitenote_note":"","_monsterinsights_sitenote_category":0,"footnotes":""},"class_list":["post-205","page","type-page","status-publish","hentry"],"acf":[],"_links":{"self":[{"href":"https:\/\/dpo-solutions.com\/index.php\/wp-json\/wp\/v2\/pages\/205","targetHints":{"allow":["GET"]}}],"collection":[{"href":"https:\/\/dpo-solutions.com\/index.php\/wp-json\/wp\/v2\/pages"}],"about":[{"href":"https:\/\/dpo-solutions.com\/index.php\/wp-json\/wp\/v2\/types\/page"}],"author":[{"embeddable":true,"href":"https:\/\/dpo-solutions.com\/index.php\/wp-json\/wp\/v2\/users\/1"}],"replies":[{"embeddable":true,"href":"https:\/\/dpo-solutions.com\/index.php\/wp-json\/wp\/v2\/comments?post=205"}],"version-history":[{"count":12,"href":"https:\/\/dpo-solutions.com\/index.php\/wp-json\/wp\/v2\/pages\/205\/revisions"}],"predecessor-version":[{"id":1622,"href":"https:\/\/dpo-solutions.com\/index.php\/wp-json\/wp\/v2\/pages\/205\/revisions\/1622"}],"wp:attachment":[{"href":"https:\/\/dpo-solutions.com\/index.php\/wp-json\/wp\/v2\/media?parent=205"}],"curies":[{"name":"wp","href":"https:\/\/api.w.org\/{rel}","templated":true}]}}